{"id":31232,"date":"2025-10-02T12:12:20","date_gmt":"2025-10-02T12:12:20","guid":{"rendered":"https:\/\/ecopackware.com\/?post_type=product&#038;p=31232"},"modified":"2025-10-02T12:18:39","modified_gmt":"2025-10-02T12:18:39","slug":"vaso-de-papel","status":"publish","type":"product","link":"https:\/\/waterbasedcoatedpaper.com\/es\/producto\/vaso-de-papel\/","title":{"rendered":"Vaso de papel"},"content":{"rendered":"<h2 class=\"ds-markdown-paragraph\"><strong>Nombre del producto:<\/strong>\u00a0Vasos de papel ecol\u00f3gicos personalizados | Fabricante de vasos desechables con certificaci\u00f3n FSC y FDA<\/h2>\n<hr \/>\n<h3 class=\"ds-markdown-paragraph\"><strong>Descripci\u00f3n del Producto<\/strong><\/h3>\n<p class=\"ds-markdown-paragraph\">Como fabricante l\u00edder de productos desechables ecol\u00f3gicos, Champion FMCG se especializa en producir productos de alta calidad.\u00a0<strong>vasos de papel personalizados<\/strong>\u00a0que combinan sostenibilidad y funcionalidad. Nuestras instalaciones de fabricaci\u00f3n de vanguardia abarcan m\u00e1s de 20.000 metros cuadrados, equipadas para gestionar todos los aspectos de la producci\u00f3n, desde el dise\u00f1o inicial hasta la entrega final. Gracias a nuestras s\u00f3lidas capacidades de producci\u00f3n, garantizamos plazos de entrega eficientes de tan solo...\u00a0<strong>10-15 d\u00edas<\/strong>\u00a0Para pedidos inferiores a un mill\u00f3n de unidades, nos convierte en el socio ideal para empresas que buscan soluciones de vasos de papel fiables y escalables. Todos nuestros productos se fabrican bajo estrictos est\u00e1ndares de calidad y est\u00e1n certificados por\u00a0<strong>FSC y FDA<\/strong>, garantizando tanto la responsabilidad medioambiental como la seguridad del producto.<\/p>\n<hr \/>\n<h3 class=\"ds-markdown-paragraph\"><strong>Caracter\u00edsticas y beneficios clave<\/strong><\/h3>\n<ul>\n<li>\n<p class=\"ds-markdown-paragraph\"><strong>Materiales con certificaci\u00f3n ecol\u00f3gica<\/strong>:Todos los vasos de papel est\u00e1n fabricados con fuentes sostenibles certificadas por el FSC<\/p>\n<\/li>\n<li>\n<p class=\"ds-markdown-paragraph\"><strong>Entrega r\u00e1pida de producci\u00f3n<\/strong>:Ciclo de producci\u00f3n de 10 a 15 d\u00edas para pedidos est\u00e1ndar de hasta 1 mill\u00f3n de unidades<\/p>\n<\/li>\n<li>\n<p class=\"ds-markdown-paragraph\"><strong>Personalizaci\u00f3n completa<\/strong>:Servicio completo desde el dise\u00f1o hasta la entrega, incluyendo impresi\u00f3n y embalaje.<\/p>\n<\/li>\n<li>\n<p class=\"ds-markdown-paragraph\"><strong>Seguridad conforme a la FDA<\/strong>:Todos los materiales cumplen con los est\u00e1ndares de la FDA para seguridad en contacto con alimentos.<\/p>\n<\/li>\n<li>\n<p class=\"ds-markdown-paragraph\"><strong>Capacidad de gran volumen<\/strong>:F\u00e1brica de m\u00e1s de 20.000 m\u00b2 equipada para producci\u00f3n a gran escala<\/p>\n<\/li>\n<li>\n<p class=\"ds-markdown-paragraph\"><strong>Seguro de calidad<\/strong>:Control de calidad integral durante todo el proceso de fabricaci\u00f3n<\/p>\n<\/li>\n<li>\n<p class=\"ds-markdown-paragraph\"><strong>Aplicaciones vers\u00e1tiles<\/strong>: Adecuado para bebidas fr\u00edas y calientes en diversas industrias.<\/p>\n<\/li>\n<\/ul>\n<hr \/>\n<h3 class=\"ds-markdown-paragraph\"><strong>Capacidades de fabricaci\u00f3n<\/strong><\/h3>\n<ul>\n<li>\n<p class=\"ds-markdown-paragraph\"><strong>Tama\u00f1o de la f\u00e1brica<\/strong>:\u00c1rea de producci\u00f3n de m\u00e1s de 20.000 metros cuadrados<\/p>\n<\/li>\n<li>\n<p class=\"ds-markdown-paragraph\"><strong>Capacidad de producci\u00f3n<\/strong>:M\u00e1s de 1 mill\u00f3n de unidades por ciclo de producci\u00f3n<\/p>\n<\/li>\n<li>\n<p class=\"ds-markdown-paragraph\"><strong>Plazo de entrega<\/strong>:10-15 d\u00edas para pedidos est\u00e1ndar<\/p>\n<\/li>\n<li>\n<p class=\"ds-markdown-paragraph\"><strong>Servicios<\/strong>:De principio a fin, desde el desarrollo hasta la entrega<\/p>\n<\/li>\n<li>\n<p class=\"ds-markdown-paragraph\"><strong>Certificaciones<\/strong>:FSC, FDA y otros est\u00e1ndares industriales relevantes<\/p>\n<\/li>\n<li>\n<p class=\"ds-markdown-paragraph\"><strong>Personalizaci\u00f3n<\/strong>:Impresi\u00f3n completa y personalizaci\u00f3n de dise\u00f1o disponibles.<\/p>\n<\/li>\n<\/ul>\n<hr \/>\n<h3 class=\"ds-markdown-paragraph\"><strong>Llamada a la acci\u00f3n<\/strong><\/h3>\n<p class=\"ds-markdown-paragraph\">\u00a1As\u00f3ciese con un fabricante confiable de vasos de papel! Contacte hoy mismo con Champion FMCG para obtener precios competitivos, muestras personalizadas y soluciones de producci\u00f3n eficientes. Disfrute de nuestro plazo de entrega de 10 a 15 d\u00edas para pedidos de hasta un mill\u00f3n de unidades.<\/p>\n<p>&nbsp;<\/p>\n<div class=\"protitle1\">Dimensiones y embalaje<\/div>\n<div class=\"table-responsive text-center\">\n<table class=\"table table-hover table-striped ke-zeroborder tableimg\" style=\"width: 75.7795%; height: 216px;\">\n<tbody>\n<tr class=\"top\" style=\"height: 48px;\">\n<td style=\"height: 48px; width: 17.7646%;\" width=\"180\"><\/td>\n<td style=\"height: 48px; width: 13.6792%; text-align: center;\">Art\u00edculo<\/td>\n<td style=\"height: 48px; width: 32.7451%; text-align: center;\">Dimensiones (mm)<br \/>\n<span class=\"tabsubtitle\">(di\u00e1metro de la copa en la parte superior * di\u00e1metro de la copa en la parte inferior * altura)<\/span><\/td>\n<td style=\"height: 48px; width: 15.3868%; text-align: center;\">Tama\u00f1o de la caja (cm)<\/td>\n<td style=\"height: 48px; width: 8.91947%; text-align: center;\">piezas\/caja<\/td>\n<td style=\"height: 48px; width: 43.06%; text-align: center;\">40HQ (cajas)<\/td>\n<\/tr>\n<tr style=\"height: 24px;\">\n<td style=\"height: 24px; width: 17.7646%;\"><img decoding=\"async\" class=\"alignnone size-full wp-image-31242\" src=\"https:\/\/waterbasedcoatedpaper.com\/wp-content\/uploads\/2025\/09\/4-paper-cup_08.avif\" alt=\"\" width=\"200\" height=\"220\" srcset=\"https:\/\/waterbasedcoatedpaper.com\/wp-content\/uploads\/2025\/09\/4-paper-cup_08.avif 200w, https:\/\/waterbasedcoatedpaper.com\/wp-content\/uploads\/2025\/09\/4-paper-cup_08-11x12.avif 11w, https:\/\/waterbasedcoatedpaper.com\/wp-content\/uploads\/2025\/09\/4-paper-cup_08-150x165.avif 150w\" sizes=\"(max-width: 200px) 100vw, 200px\" \/><\/td>\n<td style=\"height: 24px; width: 13.6792%; text-align: center;\">RW1-4 oz E\/F<\/td>\n<td style=\"height: 24px; width: 32.7451%; text-align: center;\">\u2300 62,1x \u2300 45,3\u00d760,8H<\/td>\n<td style=\"height: 24px; width: 15.3868%; text-align: center;\">46.5&#215;31.5&#215;26<\/td>\n<td style=\"height: 24px; width: 8.91947%; text-align: center;\">500<\/td>\n<td style=\"height: 24px; width: 43.06%; text-align: center;\">1786<\/td>\n<\/tr>\n<tr style=\"height: 24px;\">\n<td style=\"height: 24px; width: 17.7646%;\"><img decoding=\"async\" class=\"alignnone size-full wp-image-31243\" src=\"https:\/\/waterbasedcoatedpaper.com\/wp-content\/uploads\/2025\/09\/4-paper-cup_09.avif\" alt=\"\" width=\"200\" height=\"220\" srcset=\"https:\/\/waterbasedcoatedpaper.com\/wp-content\/uploads\/2025\/09\/4-paper-cup_09.avif 200w, https:\/\/waterbasedcoatedpaper.com\/wp-content\/uploads\/2025\/09\/4-paper-cup_09-11x12.avif 11w, https:\/\/waterbasedcoatedpaper.com\/wp-content\/uploads\/2025\/09\/4-paper-cup_09-150x165.avif 150w\" sizes=\"(max-width: 200px) 100vw, 200px\" \/><\/td>\n<td style=\"height: 24px; width: 13.6792%; text-align: center;\">RW2-8 oz E\/F<\/td>\n<td style=\"height: 24px; width: 32.7451%; text-align: center;\">\u2300 80x \u2300 56\u00d792.5H<\/td>\n<td style=\"height: 24px; width: 15.3868%; text-align: center;\">58x41x33.5<\/td>\n<td style=\"height: 24px; width: 8.91947%; text-align: center;\">500<\/td>\n<td style=\"height: 24px; width: 43.06%; text-align: center;\">854<\/td>\n<\/tr>\n<tr style=\"height: 24px;\">\n<td style=\"height: 24px; width: 17.7646%;\"><img decoding=\"async\" class=\"alignnone size-full wp-image-31244\" src=\"https:\/\/waterbasedcoatedpaper.com\/wp-content\/uploads\/2025\/09\/4-paper-cup_10.avif\" alt=\"\" width=\"200\" height=\"220\" srcset=\"https:\/\/waterbasedcoatedpaper.com\/wp-content\/uploads\/2025\/09\/4-paper-cup_10.avif 200w, https:\/\/waterbasedcoatedpaper.com\/wp-content\/uploads\/2025\/09\/4-paper-cup_10-11x12.avif 11w, https:\/\/waterbasedcoatedpaper.com\/wp-content\/uploads\/2025\/09\/4-paper-cup_10-150x165.avif 150w\" sizes=\"(max-width: 200px) 100vw, 200px\" \/><\/td>\n<td style=\"height: 24px; width: 13.6792%; text-align: center;\">RW3-8Boz E\/F<\/td>\n<td style=\"height: 24px; width: 32.7451%; text-align: center;\">\u2300 90x \u2300 58x89H<\/td>\n<td style=\"height: 24px; width: 15.3868%; text-align: center;\">38,5 x 46 x 37,5<\/td>\n<td style=\"height: 24px; width: 8.91947%; text-align: center;\">500<\/td>\n<td style=\"height: 24px; width: 43.06%; text-align: center;\">1024<\/td>\n<\/tr>\n<tr style=\"height: 24px;\">\n<td style=\"height: 24px; width: 17.7646%;\"><\/td>\n<td style=\"height: 24px; width: 13.6792%; text-align: center;\">RW7-10 oz E\/F<\/td>\n<td style=\"height: 24px; width: 32.7451%; text-align: center;\">\u2300 90x \u2300 60,3\u00d794,5H<\/td>\n<td style=\"height: 24px; width: 15.3868%; text-align: center;\">46&#215;46.5&#215;37.5<\/td>\n<td style=\"height: 24px; width: 8.91947%; text-align: center;\">500<\/td>\n<td style=\"height: 24px; width: 43.06%; text-align: center;\">848<\/td>\n<\/tr>\n<tr style=\"height: 24px;\">\n<td style=\"height: 24px; width: 17.7646%;\"><img loading=\"lazy\" decoding=\"async\" class=\"alignnone size-full wp-image-31245\" src=\"https:\/\/waterbasedcoatedpaper.com\/wp-content\/uploads\/2025\/09\/4-paper-cup_11.avif\" alt=\"\" width=\"200\" height=\"220\" srcset=\"https:\/\/waterbasedcoatedpaper.com\/wp-content\/uploads\/2025\/09\/4-paper-cup_11.avif 200w, https:\/\/waterbasedcoatedpaper.com\/wp-content\/uploads\/2025\/09\/4-paper-cup_11-11x12.avif 11w, https:\/\/waterbasedcoatedpaper.com\/wp-content\/uploads\/2025\/09\/4-paper-cup_11-150x165.avif 150w\" sizes=\"(max-width: 200px) 100vw, 200px\" \/><\/td>\n<td style=\"height: 24px; width: 13.6792%; text-align: center;\">RW4-12 oz E\/F<\/td>\n<td style=\"height: 24px; width: 32.7451%; text-align: center;\">\u2300 90x \u2300 59,1x110H<\/td>\n<td style=\"height: 24px; width: 15.3868%; text-align: center;\">55x46x37.5<\/td>\n<td style=\"height: 24px; width: 8.91947%; text-align: center;\">500<\/td>\n<td style=\"height: 24px; width: 43.06%; text-align: center;\">717<\/td>\n<\/tr>\n<tr style=\"height: 24px;\">\n<td style=\"height: 24px; width: 17.7646%;\"><img loading=\"lazy\" decoding=\"async\" class=\"alignnone size-full wp-image-31246\" src=\"https:\/\/waterbasedcoatedpaper.com\/wp-content\/uploads\/2025\/09\/4-paper-cup_12.avif\" alt=\"\" width=\"200\" height=\"220\" srcset=\"https:\/\/waterbasedcoatedpaper.com\/wp-content\/uploads\/2025\/09\/4-paper-cup_12.avif 200w, https:\/\/waterbasedcoatedpaper.com\/wp-content\/uploads\/2025\/09\/4-paper-cup_12-11x12.avif 11w, https:\/\/waterbasedcoatedpaper.com\/wp-content\/uploads\/2025\/09\/4-paper-cup_12-150x165.avif 150w\" sizes=\"(max-width: 200px) 100vw, 200px\" \/><\/td>\n<td style=\"height: 24px; width: 13.6792%; text-align: center;\">RW5-16 oz E\/F<\/td>\n<td style=\"height: 24px; width: 32.7451%; text-align: center;\">\u2300 90x \u2300 62x133H<\/td>\n<td style=\"height: 24px; width: 15.3868%; text-align: center;\">60x46x37.5<\/td>\n<td style=\"height: 24px; width: 8.91947%; text-align: center;\">500<\/td>\n<td style=\"height: 24px; width: 43.06%; text-align: center;\">657<\/td>\n<\/tr>\n<tr style=\"height: 24px;\">\n<td style=\"height: 24px; width: 17.7646%;\"><img loading=\"lazy\" decoding=\"async\" class=\"alignnone size-full wp-image-31247\" src=\"https:\/\/waterbasedcoatedpaper.com\/wp-content\/uploads\/2025\/09\/4-paper-cup_13.avif\" alt=\"\" width=\"200\" height=\"220\" srcset=\"https:\/\/waterbasedcoatedpaper.com\/wp-content\/uploads\/2025\/09\/4-paper-cup_13.avif 200w, https:\/\/waterbasedcoatedpaper.com\/wp-content\/uploads\/2025\/09\/4-paper-cup_13-11x12.avif 11w, https:\/\/waterbasedcoatedpaper.com\/wp-content\/uploads\/2025\/09\/4-paper-cup_13-150x165.avif 150w\" sizes=\"(max-width: 200px) 100vw, 200px\" \/><\/td>\n<td style=\"height: 24px; width: 13.6792%; text-align: center;\">RW6-20 oz E\/F<\/td>\n<td style=\"height: 24px; width: 32.7451%; text-align: center;\">\u2300 90x \u2300 59x168H<\/td>\n<td style=\"height: 24px; width: 15.3868%; text-align: center;\">60x46x46<\/td>\n<td style=\"height: 24px; width: 8.91947%; text-align: center;\">450<\/td>\n<td style=\"height: 24px; width: 43.06%; text-align: center;\">536<\/td>\n<\/tr>\n<\/tbody>\n<\/table>\n<\/div>\n<p>&nbsp;<\/p>\n<div class=\"protitle1\">Caracter\u00edsticas<\/div>\n<div class=\"row\">\n<div class=\"col-md-6\">\n<ul>\n<li>Impresi\u00f3n personalizada<\/li>\n<li>Uso para alimentaci\u00f3n<\/li>\n<li>Conductividad t\u00e9rmica extremadamente baja<\/li>\n<li>Juego de tazas de caf\u00e9 perfecto<\/li>\n<li>Resistente y duradero<\/li>\n<li>Exterior de tacto fresco<\/li>\n<\/ul>\n<\/div>\n<div class=\"col-md-6\">\n<ul>\n<li>Reciclado<\/li>\n<li>Material: Papel de taza de 250 g\/m\u00b2 + revestimiento de PE de 18 g\/m\u00b2 + papel kraft de 120 g\/m\u00b2 x 2<\/li>\n<li>Color: blanco, negro, marr\u00f3n o LOGO personalizado<\/li>\n<li>Tama\u00f1os disponibles: 4oz, 8oz, 10oz, 12oz, 16oz, 20oz<\/li>\n<li>Cantidad m\u00ednima de pedido: 50000 piezas<\/li>\n<\/ul>\n<\/div>\n<\/div>\n<p>&nbsp;<\/p>","protected":false},"excerpt":{"rendered":"<p>El vaso de papel es un tipo de vaso desechable con aislamiento t\u00e9rmico, dise\u00f1ado para evitar fugas de agua gracias a su revestimiento interior y exterior de pel\u00edcula pl\u00e1stica o cera impermeable. Los logotipos y dise\u00f1os se pueden personalizar seg\u00fan las necesidades, como l\u00e1minas resistentes a la intemperie, acabados brillantes o mate, patrones ondulados e impresi\u00f3n en relieve. Este vaso para bebidas calientes es ideal para contener agua caliente, caf\u00e9, t\u00e9, t\u00e9 con leche, bebidas fr\u00edas y m\u00e1s.<\/p>","protected":false},"featured_media":31235,"comment_status":"open","ping_status":"closed","template":"","meta":[],"product_brand":[],"product_cat":[135,129,151],"product_tag":[],"class_list":{"0":"post-31232","1":"product","2":"type-product","3":"status-publish","4":"has-post-thumbnail","6":"product_cat-paper-cups","7":"product_cat-coffee-shop","8":"product_cat-paper-coffee-cups","10":"first","11":"instock","12":"shipping-taxable","13":"product-type-simple"},"_links":{"self":[{"href":"https:\/\/waterbasedcoatedpaper.com\/es\/wp-json\/wp\/v2\/product\/31232","targetHints":{"allow":["GET"]}}],"collection":[{"href":"https:\/\/waterbasedcoatedpaper.com\/es\/wp-json\/wp\/v2\/product"}],"about":[{"href":"https:\/\/waterbasedcoatedpaper.com\/es\/wp-json\/wp\/v2\/types\/product"}],"replies":[{"embeddable":true,"href":"https:\/\/waterbasedcoatedpaper.com\/es\/wp-json\/wp\/v2\/comments?post=31232"}],"version-history":[{"count":6,"href":"https:\/\/waterbasedcoatedpaper.com\/es\/wp-json\/wp\/v2\/product\/31232\/revisions"}],"predecessor-version":[{"id":31343,"href":"https:\/\/waterbasedcoatedpaper.com\/es\/wp-json\/wp\/v2\/product\/31232\/revisions\/31343"}],"wp:featuredmedia":[{"embeddable":true,"href":"https:\/\/waterbasedcoatedpaper.com\/es\/wp-json\/wp\/v2\/media\/31235"}],"wp:attachment":[{"href":"https:\/\/waterbasedcoatedpaper.com\/es\/wp-json\/wp\/v2\/media?parent=31232"}],"wp:term":[{"taxonomy":"product_brand","embeddable":true,"href":"https:\/\/waterbasedcoatedpaper.com\/es\/wp-json\/wp\/v2\/product_brand?post=31232"},{"taxonomy":"product_cat","embeddable":true,"href":"https:\/\/waterbasedcoatedpaper.com\/es\/wp-json\/wp\/v2\/product_cat?post=31232"},{"taxonomy":"product_tag","embeddable":true,"href":"https:\/\/waterbasedcoatedpaper.com\/es\/wp-json\/wp\/v2\/product_tag?post=31232"}],"curies":[{"name":"wp","href":"https:\/\/api.w.org\/{rel}","templated":true}]}}