{"id":171,"date":"2024-10-25T11:14:50","date_gmt":"2024-10-25T11:14:50","guid":{"rendered":"https:\/\/dummy.xtemos.com\/woodmart2\/makeup-elementor\/?page_id=171"},"modified":"2025-12-09T08:49:01","modified_gmt":"2025-12-09T08:49:01","slug":"a-propos-de-nous","status":"publish","type":"page","link":"https:\/\/waterbasedcoatedpaper.com\/fr\/a-propos-de-nous\/","title":{"rendered":"\u00c0 propos de nous"},"content":{"rendered":"<div data-elementor-type=\"wp-page\" data-elementor-id=\"171\" class=\"elementor elementor-171\" data-elementor-post-type=\"page\">\n\t\t\t\t<div class=\"wd-negative-gap elementor-element elementor-element-1ffa4c77 wd-section-stretch e-flex e-con-boxed e-con e-parent\" data-id=\"1ffa4c77\" data-element_type=\"container\" data-settings=\"{&quot;background_background&quot;:&quot;classic&quot;}\">\n\t\t\t\t\t<div class=\"e-con-inner\">\n\t\t\t\t<div class=\"elementor-element elementor-element-1e3303c9 wd-width-100 elementor-widget elementor-widget-wd_title\" data-id=\"1e3303c9\" data-element_type=\"widget\" data-widget_type=\"wd_title.default\">\n\t\t\t\t<div class=\"elementor-widget-container\">\n\t\t\t\t\t\t\t<div class=\"title-wrapper wd-set-mb reset-last-child wd-title-color-white wd-title-style-default wd-title-size-default text-center\">\n\n\t\t\t\n\t\t\t<div class=\"liner-continer\">\n\t\t\t\t<h4 class=\"woodmart-title-container title wd-fontsize-l\">\u00c0 propos de Champion FMCG<\/h4> \n\t\t\t\t\t\t\t<\/div>\n\n\t\t\t\t\t\t\t<div class=\"title-after_title reset-last-child wd-fontsize-xs\">\n\t\t\t\t\t<p>Champion FMCG s&#039;engage \u00e0 fabriquer des solutions d&#039;emballage alimentaire en papier durables.<\/p>\t\t\t\t<\/div>\n\t\t\t\t\t<\/div>\n\t\t\t\t\t\t<\/div>\n\t\t\t\t<\/div>\n\t\t\t\t\t<\/div>\n\t\t\t\t<\/div>\n\t\t<div class=\"wd-negative-gap elementor-element elementor-element-42b03de8 e-flex e-con-boxed e-con e-parent\" data-id=\"42b03de8\" data-element_type=\"container\" data-settings=\"{&quot;background_background&quot;:&quot;classic&quot;}\">\n\t\t\t\t\t<div class=\"e-con-inner\">\n\t\t\t\t<div class=\"elementor-element elementor-element-5a8adff1 wd-el-breadcrumbs text-left elementor-widget elementor-widget-wd_element_breadcrumbs\" data-id=\"5a8adff1\" data-element_type=\"widget\" data-widget_type=\"wd_element_breadcrumbs.default\">\n\t\t\t\t<div class=\"elementor-widget-container\">\n\t\t\t\t\t<nav class=\"wd-breadcrumbs\"><a href=\"https:\/\/waterbasedcoatedpaper.com\/fr\/\">Maison<\/a><span class=\"wd-delimiter\"><\/span><span class=\"wd-last\">Page<\/span><\/nav>\t\t\t\t<\/div>\n\t\t\t\t<\/div>\n\t\t\t\t\t<\/div>\n\t\t\t\t<\/div>\n\t\t<div class=\"wd-negative-gap elementor-element elementor-element-4de7feb7 e-flex e-con-boxed e-con e-parent\" data-id=\"4de7feb7\" data-element_type=\"container\" data-settings=\"{&quot;background_background&quot;:&quot;classic&quot;}\">\n\t\t\t\t\t<div class=\"e-con-inner\">\n\t\t<div class=\"elementor-element elementor-element-4ca4ef63 e-con-full e-flex e-con e-child\" data-id=\"4ca4ef63\" data-element_type=\"container\" data-settings=\"{&quot;background_background&quot;:&quot;classic&quot;}\">\n\t\t\t\t<div class=\"elementor-element elementor-element-31e8b69 elementor-widget elementor-widget-video\" data-id=\"31e8b69\" data-element_type=\"widget\" data-settings=\"{&quot;youtube_url&quot;:&quot;https:\\\/\\\/www.youtube.com\\\/watch?v=mNCp66BQr9Y&quot;,&quot;show_image_overlay&quot;:&quot;yes&quot;,&quot;image_overlay&quot;:{&quot;url&quot;:&quot;https:\\\/\\\/papayawhip-fly-760954.hostingersite.com\\\/wp-content\\\/uploads\\\/2025\\\/09\\\/abutus.avif&quot;,&quot;id&quot;:30695,&quot;size&quot;:&quot;&quot;,&quot;alt&quot;:&quot;&quot;,&quot;source&quot;:&quot;library&quot;},&quot;lightbox&quot;:&quot;yes&quot;,&quot;video_type&quot;:&quot;youtube&quot;,&quot;controls&quot;:&quot;yes&quot;}\" data-widget_type=\"video.default\">\n\t\t\t\t<div class=\"elementor-widget-container\">\n\t\t\t\t\t\t\t<div class=\"elementor-wrapper elementor-open-lightbox\">\n\t\t\t\t\t\t\t<div class=\"elementor-custom-embed-image-overlay\" data-elementor-open-lightbox=\"yes\" data-elementor-lightbox=\"{&quot;type&quot;:&quot;video&quot;,&quot;videoType&quot;:&quot;youtube&quot;,&quot;url&quot;:&quot;https:\\\/\\\/www.youtube.com\\\/embed\\\/mNCp66BQr9Y?feature=oembed&amp;start&amp;end&amp;wmode=opaque&amp;loop=0&amp;controls=1&amp;mute=0&amp;rel=0&amp;cc_load_policy=0&quot;,&quot;autoplay&quot;:&quot;&quot;,&quot;modalOptions&quot;:{&quot;id&quot;:&quot;elementor-lightbox-31e8b69&quot;,&quot;entranceAnimation&quot;:&quot;&quot;,&quot;entranceAnimation_tablet&quot;:&quot;&quot;,&quot;entranceAnimation_mobile&quot;:&quot;&quot;,&quot;videoAspectRatio&quot;:&quot;169&quot;}}\" data-e-action-hash=\"#elementor-action%3Aaction%3Dlightbox%26settings%3DeyJ0eXBlIjoidmlkZW8iLCJ2aWRlb1R5cGUiOiJ5b3V0dWJlIiwidXJsIjoiaHR0cHM6XC9cL3d3dy55b3V0dWJlLmNvbVwvZW1iZWRcL21OQ3A2NkJRcjlZP2ZlYXR1cmU9b2VtYmVkJnN0YXJ0JmVuZCZ3bW9kZT1vcGFxdWUmbG9vcD0wJmNvbnRyb2xzPTEmbXV0ZT0wJnJlbD0wJmNjX2xvYWRfcG9saWN5PTAiLCJhdXRvcGxheSI6IiIsIm1vZGFsT3B0aW9ucyI6eyJpZCI6ImVsZW1lbnRvci1saWdodGJveC0zMWU4YjY5IiwiZW50cmFuY2VBbmltYXRpb24iOiIiLCJlbnRyYW5jZUFuaW1hdGlvbl90YWJsZXQiOiIiLCJlbnRyYW5jZUFuaW1hdGlvbl9tb2JpbGUiOiIiLCJ2aWRlb0FzcGVjdFJhdGlvIjoiMTY5In19\">\n\t\t\t\t\t\t\t\t\t\t\t<img fetchpriority=\"high\" decoding=\"async\" width=\"669\" height=\"429\" src=\"https:\/\/waterbasedcoatedpaper.com\/wp-content\/uploads\/2025\/09\/abutus.avif\" class=\"attachment-full size-full wp-image-30695\" alt=\"\" srcset=\"https:\/\/waterbasedcoatedpaper.com\/wp-content\/uploads\/2025\/09\/abutus.avif 669w, https:\/\/waterbasedcoatedpaper.com\/wp-content\/uploads\/2025\/09\/abutus-400x257.avif 400w, https:\/\/waterbasedcoatedpaper.com\/wp-content\/uploads\/2025\/09\/abutus-18x12.avif 18w, https:\/\/waterbasedcoatedpaper.com\/wp-content\/uploads\/2025\/09\/abutus-600x385.avif 600w, https:\/\/waterbasedcoatedpaper.com\/wp-content\/uploads\/2025\/09\/abutus-150x96.avif 150w, https:\/\/waterbasedcoatedpaper.com\/wp-content\/uploads\/2025\/09\/abutus-397x255.avif 397w\" sizes=\"(max-width: 669px) 100vw, 669px\" \/>\t\t\t\t\t\t\t\t\t\t\t\t\t\t\t\t<div class=\"elementor-custom-embed-play\" role=\"button\" aria-label=\"Lire la vid\u00e9o\" tabindex=\"0\">\n\t\t\t\t\t\t\t<svg aria-hidden=\"true\" class=\"e-font-icon-svg e-eicon-play\" viewbox=\"0 0 1000 1000\" xmlns=\"http:\/\/www.w3.org\/2000\/svg\"><path d=\"M838 162C746 71 633 25 500 25 371 25 258 71 163 162 71 254 25 367 25 500 25 633 71 746 163 837 254 929 367 979 500 979 633 979 746 933 838 837 929 746 975 633 975 500 975 367 929 254 838 162M808 192C892 279 933 379 933 500 933 621 892 725 808 808 725 892 621 938 500 938 379 938 279 896 196 808 113 725 67 621 67 500 67 379 108 279 196 192 279 108 383 62 500 62 621 62 721 108 808 192M438 392V642L642 517 438 392Z\"><\/path><\/svg>\t\t\t\t\t\t<\/div>\n\t\t\t\t\t\t\t\t\t<\/div>\n\t\t\t\t\t<\/div>\n\t\t\t\t\t\t<\/div>\n\t\t\t\t<\/div>\n\t\t\t\t<\/div>\n\t\t<div class=\"elementor-element elementor-element-442d592 e-con-full e-flex e-con e-child\" data-id=\"442d592\" data-element_type=\"container\">\n\t\t\t\t<div class=\"elementor-element elementor-element-4f6bfea8 wd-width-100 elementor-widget elementor-widget-wd_title\" data-id=\"4f6bfea8\" data-element_type=\"widget\" data-widget_type=\"wd_title.default\">\n\t\t\t\t<div class=\"elementor-widget-container\">\n\t\t\t\t\t\t\t<div class=\"title-wrapper wd-set-mb reset-last-child wd-title-color-default wd-title-style-default wd-title-size-default text-left\">\n\n\t\t\t\n\t\t\t<div class=\"liner-continer\">\n\t\t\t\t<h3 class=\"woodmart-title-container title wd-fontsize-l\">Fournir des solutions d&#039;emballage alimentaire pour les restaurants et les entreprises alimentaires.<\/h3> \n\t\t\t\t\t\t\t<\/div>\n\n\t\t\t\t\t\t\t<div class=\"title-after_title reset-last-child wd-fontsize-xs\">\n\t\t\t\t\t<p>Champion des produits de grande consommation depuis 2016, solution d&#039;emballage alimentaire compl\u00e8te. Nous proposons une large gamme d&#039;emballages alimentaires en papier, tels que des gobelets en papier biod\u00e9gradables et des saladiers, pour r\u00e9pondre \u00e0 vos besoins.<\/p>\t\t\t\t<\/div>\n\t\t\t\t\t<\/div>\n\t\t\t\t\t\t<\/div>\n\t\t\t\t<\/div>\n\t\t\t\t<div class=\"elementor-element elementor-element-303a3f6 elementor-widget elementor-widget-button\" data-id=\"303a3f6\" data-element_type=\"widget\" data-widget_type=\"button.default\">\n\t\t\t\t<div class=\"elementor-widget-container\">\n\t\t\t\t\t\t\t\t\t<div class=\"elementor-button-wrapper\">\n\t\t\t\t\t<a class=\"elementor-button elementor-button-link elementor-size-sm\" href=\"https:\/\/papayawhip-fly-760954.hostingersite.com\/contact-us\/\" target=\"_blank\" rel=\"noopener\">\n\t\t\t\t\t\t<span class=\"elementor-button-content-wrapper\">\n\t\t\t\t\t\t\t\t\t<span class=\"elementor-button-text\">Centre de fabrication \u00e0 guichet unique<\/span>\n\t\t\t\t\t<\/span>\n\t\t\t\t\t<\/a>\n\t\t\t\t<\/div>\n\t\t\t\t\t\t\t\t<\/div>\n\t\t\t\t<\/div>\n\t\t\t\t<\/div>\n\t\t\t\t\t<\/div>\n\t\t\t\t<\/div>\n\t\t<div class=\"wd-negative-gap elementor-element elementor-element-7cad3ae1 e-flex e-con-boxed e-con e-parent\" data-id=\"7cad3ae1\" data-element_type=\"container\" data-settings=\"{&quot;background_background&quot;:&quot;classic&quot;}\">\n\t\t\t\t\t<div class=\"e-con-inner\">\n\t\t<div class=\"elementor-element elementor-element-4150dfc6 e-con-full e-flex e-con e-child\" data-id=\"4150dfc6\" data-element_type=\"container\">\n\t\t\t\t<div class=\"elementor-element elementor-element-2e020b45 wd-width-100 elementor-widget elementor-widget-wd_title\" data-id=\"2e020b45\" data-element_type=\"widget\" data-widget_type=\"wd_title.default\">\n\t\t\t\t<div class=\"elementor-widget-container\">\n\t\t\t\t\t\t\t<div class=\"title-wrapper wd-set-mb reset-last-child wd-title-color-default wd-title-style-default wd-title-size-default text-left\">\n\n\t\t\t\n\t\t\t<div class=\"liner-continer\">\n\t\t\t\t<h3 class=\"woodmart-title-container title wd-fontsize-l\"><\/h3> \n\t\t\t\t\t\t\t<\/div>\n\n\t\t\t\t\t\t\t<div class=\"title-after_title reset-last-child wd-fontsize-xs\">\n\t\t\t\t\t<p>Foreign Trade Department in Xiamen; Production base in Zhangzhou.<\/p><p>No matter what kind of catering disposable you're looking for, we promise to provide quick. simple, and innovative solutions to all your paper and plastic food package need. The paper products we can do including single wall \/double wall paper cup, ripple paper cup, triple wall double base cup(we have a patent for this cup ), soup containers, ice cream cups, ripple paper bowls, window food boxes, food trays, andso onThe plastic products we can do including ps coffee cups lids, pp bowl lids, customer logo lids with cheap mold costand acceptable MOO. Under worldwide baning plastic policies influence recently, we launched out the whole serial paper package items withaqueous coating plastic-free technology,including aqueous coating plastic-free ripple and double wall paper cups, papertrays, paper box, and ripple paper bowls. and CPLA coffee cup lids and bowl lids and PLA straw. We provide competitiveprices, constant performance, leading technology, and innovative solution on disposal products.<\/p>\t\t\t\t<\/div>\n\t\t\t\t\t<\/div>\n\t\t\t\t\t\t<\/div>\n\t\t\t\t<\/div>\n\t\t\t\t<\/div>\n\t\t<div class=\"elementor-element elementor-element-5058dcf2 e-con-full e-flex e-con e-child\" data-id=\"5058dcf2\" data-element_type=\"container\" data-settings=\"{&quot;background_background&quot;:&quot;classic&quot;}\">\n\t\t\t\t<div class=\"elementor-element elementor-element-387a1b9e elementor-widget elementor-widget-wd_image_or_svg\" data-id=\"387a1b9e\" data-element_type=\"widget\" data-widget_type=\"wd_image_or_svg.default\">\n\t\t\t\t<div class=\"elementor-widget-container\">\n\t\t\t\t\t\n\t\t<div class=\"wd-image text-left\">\n\t\t\t\t\t\t\t\t<img decoding=\"async\" width=\"1776\" height=\"1184\" src=\"https:\/\/waterbasedcoatedpaper.com\/wp-content\/uploads\/2025\/12\/H0121c7eb3d1f4ad782964c0ed30fa780S.avif\" class=\"attachment-full size-full\" alt=\"\" \/>\t\t\t\t\t<\/div>\n\n\t\t\t\t\t\t<\/div>\n\t\t\t\t<\/div>\n\t\t\t\t<\/div>\n\t\t\t\t\t<\/div>\n\t\t\t\t<\/div>\n\t\t<div class=\"wd-negative-gap elementor-element elementor-element-d4f73c0 e-flex e-con-boxed e-con e-parent\" data-id=\"d4f73c0\" data-element_type=\"container\" data-settings=\"{&quot;background_background&quot;:&quot;classic&quot;}\">\n\t\t\t\t\t<div class=\"e-con-inner\">\n\t\t<div class=\"elementor-element elementor-element-333caa2 e-con-full e-flex e-con e-child\" data-id=\"333caa2\" data-element_type=\"container\" data-settings=\"{&quot;background_background&quot;:&quot;classic&quot;}\">\n\t\t\t\t<div class=\"elementor-element elementor-element-dba46c3 elementor-widget elementor-widget-wd_image_or_svg\" data-id=\"dba46c3\" data-element_type=\"widget\" data-widget_type=\"wd_image_or_svg.default\">\n\t\t\t\t<div class=\"elementor-widget-container\">\n\t\t\t\t\t\n\t\t<div class=\"wd-image text-left\">\n\t\t\t\t\t\t\t\t<img decoding=\"async\" width=\"600\" height=\"337\" src=\"https:\/\/waterbasedcoatedpaper.com\/wp-content\/uploads\/2025\/12\/S60ec070a1a8e4be1b94dcbf0e4f90a64v.avif\" class=\"attachment-full size-full\" alt=\"\" srcset=\"https:\/\/waterbasedcoatedpaper.com\/wp-content\/uploads\/2025\/12\/S60ec070a1a8e4be1b94dcbf0e4f90a64v.avif 600w, https:\/\/waterbasedcoatedpaper.com\/wp-content\/uploads\/2025\/12\/S60ec070a1a8e4be1b94dcbf0e4f90a64v-400x225.avif 400w, https:\/\/waterbasedcoatedpaper.com\/wp-content\/uploads\/2025\/12\/S60ec070a1a8e4be1b94dcbf0e4f90a64v-18x10.avif 18w, https:\/\/waterbasedcoatedpaper.com\/wp-content\/uploads\/2025\/12\/S60ec070a1a8e4be1b94dcbf0e4f90a64v-150x84.avif 150w\" sizes=\"(max-width: 600px) 100vw, 600px\" \/>\t\t\t\t\t<\/div>\n\n\t\t\t\t\t\t<\/div>\n\t\t\t\t<\/div>\n\t\t\t\t<\/div>\n\t\t<div class=\"elementor-element elementor-element-d548bd0 e-con-full e-flex e-con e-child\" data-id=\"d548bd0\" data-element_type=\"container\">\n\t\t\t\t<div class=\"elementor-element elementor-element-f1a195e wd-width-100 elementor-widget elementor-widget-wd_title\" data-id=\"f1a195e\" data-element_type=\"widget\" data-widget_type=\"wd_title.default\">\n\t\t\t\t<div class=\"elementor-widget-container\">\n\t\t\t\t\t\t\t<div class=\"title-wrapper wd-set-mb reset-last-child wd-title-color-default wd-title-style-default wd-title-size-default text-left\">\n\n\t\t\t\n\t\t\t<div class=\"liner-continer\">\n\t\t\t\t<h3 class=\"woodmart-title-container title wd-fontsize-l\"><\/h3> \n\t\t\t\t\t\t\t<\/div>\n\n\t\t\t\t\t\t\t<div class=\"title-after_title reset-last-child wd-fontsize-xs\">\n\t\t\t\t\t<p>Apr\u00e8s plus de dix ans de d\u00e9veloppement, nous avons obtenu la certification nationale du syst\u00e8me de gestion de la qualit\u00e9 ISO22000:2018 et la certification QS, ainsi que les certifications FDA, SGS, DIN, FSC et ABAP. Nos produits sont export\u00e9s vers plus de dix pays en Europe, en Am\u00e9rique, en Australie, en Asie du Sud-Est, au Moyen-Orient et en Afrique.<\/p>\t\t\t\t<\/div>\n\t\t\t\t\t<\/div>\n\t\t\t\t\t\t<\/div>\n\t\t\t\t<\/div>\n\t\t\t\t<\/div>\n\t\t\t\t\t<\/div>\n\t\t\t\t<\/div>\n\t\t<div class=\"wd-negative-gap elementor-element elementor-element-693d24d e-flex e-con-boxed e-con e-parent\" data-id=\"693d24d\" data-element_type=\"container\" data-settings=\"{&quot;background_background&quot;:&quot;classic&quot;}\">\n\t\t\t\t\t<div class=\"e-con-inner\">\n\t\t\t\t<div class=\"elementor-element elementor-element-b72105f elementor-widget__width-initial elementor-widget-mobile__width-initial elementor-widget elementor-widget-counter\" data-id=\"b72105f\" data-element_type=\"widget\" data-widget_type=\"counter.default\">\n\t\t\t\t<div class=\"elementor-widget-container\">\n\t\t\t\t\t\t\t<div class=\"elementor-counter\">\n\t\t\t<div class=\"elementor-counter-title\">Ann\u00e9es d&#039;activit\u00e9<\/div>\t\t\t<div class=\"elementor-counter-number-wrapper\">\n\t\t\t\t<span class=\"elementor-counter-number-prefix\"><\/span>\n\t\t\t\t<span class=\"elementor-counter-number\" data-duration=\"2000\" data-to-value=\"10\" data-from-value=\"0\" data-delimiter=\",\">0<\/span>\n\t\t\t\t<span class=\"elementor-counter-number-suffix\">+<\/span>\n\t\t\t<\/div>\n\t\t<\/div>\n\t\t\t\t\t\t<\/div>\n\t\t\t\t<\/div>\n\t\t\t\t<div class=\"elementor-element elementor-element-f74a8d3 elementor-widget__width-initial elementor-widget-mobile__width-initial elementor-widget elementor-widget-counter\" data-id=\"f74a8d3\" data-element_type=\"widget\" data-widget_type=\"counter.default\">\n\t\t\t\t<div class=\"elementor-widget-container\">\n\t\t\t\t\t\t\t<div class=\"elementor-counter\">\n\t\t\t<div class=\"elementor-counter-title\">Production annuelle<\/div>\t\t\t<div class=\"elementor-counter-number-wrapper\">\n\t\t\t\t<span class=\"elementor-counter-number-prefix\"><\/span>\n\t\t\t\t<span class=\"elementor-counter-number\" data-duration=\"2000\" data-to-value=\"1\" data-from-value=\"0\" data-delimiter=\",\">0<\/span>\n\t\t\t\t<span class=\"elementor-counter-number-suffix\">milliards<\/span>\n\t\t\t<\/div>\n\t\t<\/div>\n\t\t\t\t\t\t<\/div>\n\t\t\t\t<\/div>\n\t\t\t\t<div class=\"elementor-element elementor-element-adfa82e elementor-widget__width-initial elementor-widget-mobile__width-initial elementor-widget elementor-widget-counter\" data-id=\"adfa82e\" data-element_type=\"widget\" data-widget_type=\"counter.default\">\n\t\t\t\t<div class=\"elementor-widget-container\">\n\t\t\t\t\t\t\t<div class=\"elementor-counter\">\n\t\t\t<div class=\"elementor-counter-title\">R\u00e9partition du march\u00e9 par pays<\/div>\t\t\t<div class=\"elementor-counter-number-wrapper\">\n\t\t\t\t<span class=\"elementor-counter-number-prefix\"><\/span>\n\t\t\t\t<span class=\"elementor-counter-number\" data-duration=\"2000\" data-to-value=\"10\" data-from-value=\"0\" data-delimiter=\",\">0<\/span>\n\t\t\t\t<span class=\"elementor-counter-number-suffix\">+<\/span>\n\t\t\t<\/div>\n\t\t<\/div>\n\t\t\t\t\t\t<\/div>\n\t\t\t\t<\/div>\n\t\t\t\t<div class=\"elementor-element elementor-element-efd30f5 elementor-widget__width-initial elementor-widget-mobile__width-initial elementor-widget elementor-widget-counter\" data-id=\"efd30f5\" data-element_type=\"widget\" data-widget_type=\"counter.default\">\n\t\t\t\t<div class=\"elementor-widget-container\">\n\t\t\t\t\t\t\t<div class=\"elementor-counter\">\n\t\t\t<div class=\"elementor-counter-title\">Atelier sans poussi\u00e8re<\/div>\t\t\t<div class=\"elementor-counter-number-wrapper\">\n\t\t\t\t<span class=\"elementor-counter-number-prefix\"><\/span>\n\t\t\t\t<span class=\"elementor-counter-number\" data-duration=\"2000\" data-to-value=\"20000\" data-from-value=\"0\" data-delimiter=\",\">0<\/span>\n\t\t\t\t<span class=\"elementor-counter-number-suffix\">+\u33a1<\/span>\n\t\t\t<\/div>\n\t\t<\/div>\n\t\t\t\t\t\t<\/div>\n\t\t\t\t<\/div>\n\t\t\t\t\t<\/div>\n\t\t\t\t<\/div>\n\t\t<div class=\"wd-negative-gap elementor-element elementor-element-69f87d89 e-flex e-con-boxed e-con e-parent\" data-id=\"69f87d89\" data-element_type=\"container\" data-settings=\"{&quot;background_background&quot;:&quot;classic&quot;}\">\n\t\t\t\t\t<div class=\"e-con-inner\">\n\t\t\t\t<div class=\"elementor-element elementor-element-5322f3b7 wd-width-100 elementor-widget elementor-widget-wd_title\" data-id=\"5322f3b7\" data-element_type=\"widget\" data-widget_type=\"wd_title.default\">\n\t\t\t\t<div class=\"elementor-widget-container\">\n\t\t\t\t\t\t\t<div class=\"title-wrapper wd-set-mb reset-last-child wd-title-color-default wd-title-style-default wd-title-size-default text-center\">\n\n\t\t\t\n\t\t\t<div class=\"liner-continer\">\n\t\t\t\t<h3 class=\"woodmart-title-container title wd-fontsize-l\">Certificat d&#039;honneur<\/h3> \n\t\t\t\t\t\t\t<\/div>\n\n\t\t\t\t\t<\/div>\n\t\t\t\t\t\t<\/div>\n\t\t\t\t<\/div>\n\t\t\t\t<div class=\"elementor-element elementor-element-7a999be wd-width-100 elementor-widget elementor-widget-wd_images_gallery\" data-id=\"7a999be\" data-element_type=\"widget\" data-widget_type=\"wd_images_gallery.default\">\n\t\t\t\t<div class=\"elementor-widget-container\">\n\t\t\t\t\t\t\t<div class=\"wd-images-gallery wd-carousel-container\" style=\"--wd-align-items:center; --wd-justify-content:center;\">\n\t\t\t\t\t\t\t<div class=\"wd-carousel-inner\">\n\t\t\t\t\t\t<div class=\"wd-carousel wd-grid\" data-scroll_per_page=\"yes\" style=\"--wd-col-lg:5;--wd-col-md:4;--wd-col-sm:2;--wd-gap-lg:20px;--wd-gap-sm:10px;\">\n\t\t\t\t\t\t\t\t\t<div class=\"wd-carousel-wrap\">\n\t\t\t\t\t\t\t\t\t\t\t\t\t\t\t\t\t\t<div class=\"wd-gallery-item wd-carousel-item\">\n\t\t\t\t\t\t\n\t\t\t\t\t\t<img loading=\"lazy\" decoding=\"async\" width=\"768\" height=\"1082\" src=\"https:\/\/waterbasedcoatedpaper.com\/wp-content\/uploads\/2025\/12\/0119138-BRCENG-\u957f\u6cf0\u6ecb\u4e50\u529b\u5305\u88c5\u6750\u6599\u6709\u9650\u516c\u53f8CHANGTAI-ZEROLEAK-PACKAGE-MATERIALS-CO.-LTD_01.avif\" class=\"attachment-medium_large size-medium_large\" alt=\"0119138-BRCENG-\u957f\u6cf0\u6ecb\u4e50\u529b\u5305\u88c5\u6750\u6599\u6709\u9650\u516c\u53f8CHANGTAI ZEROLEAK PACKAGE MATERIALS CO., LTD_01\" \/>\n\t\t\t\t\t\t\t\t\t\t\t<\/div>\n\t\t\t\t\t\t\t\t\t\t\t\t\t\t\t<div class=\"wd-gallery-item wd-carousel-item\">\n\t\t\t\t\t\t\n\t\t\t\t\t\t<img loading=\"lazy\" decoding=\"async\" width=\"768\" height=\"1086\" src=\"https:\/\/waterbasedcoatedpaper.com\/wp-content\/uploads\/2025\/12\/CHANGTAI-ZEROLEAK-AS5810-ABAP20362_01.avif\" class=\"attachment-medium_large size-medium_large\" alt=\"CHANGTAI ZEROLEAK AS5810 ABAP20362_01\" \/>\n\t\t\t\t\t\t\t\t\t\t\t<\/div>\n\t\t\t\t\t\t\t\t\t\t\t\t\t\t\t<div class=\"wd-gallery-item wd-carousel-item\">\n\t\t\t\t\t\t\n\t\t\t\t\t\t<img loading=\"lazy\" decoding=\"async\" width=\"768\" height=\"1086\" src=\"https:\/\/waterbasedcoatedpaper.com\/wp-content\/uploads\/2025\/12\/CHANGTAI-ZEROLEAK-HOME-COMPOSTABLE-9R0070_en_extsigned_01.avif\" class=\"attachment-medium_large size-medium_large\" alt=\"CHANGTAI ZEROLEAK HOME COMPOSTABLE 9R0070_en_extsigned_01\" \/>\n\t\t\t\t\t\t\t\t\t\t\t<\/div>\n\t\t\t\t\t\t\t\t\t\t\t\t\t\t\t<div class=\"wd-gallery-item wd-carousel-item\">\n\t\t\t\t\t\t\n\t\t\t\t\t\t<img loading=\"lazy\" decoding=\"async\" width=\"768\" height=\"1086\" src=\"https:\/\/waterbasedcoatedpaper.com\/wp-content\/uploads\/2025\/12\/CHANGTAI-ZEROLEAK-HOME-COMPOSTABLE-9R0070_en_extsigned_02.avif\" class=\"attachment-medium_large size-medium_large\" alt=\"CHANGTAI ZEROLEAK HOME COMPOSTABLE 9R0070_en_extsigned_02\" \/>\n\t\t\t\t\t\t\t\t\t\t\t<\/div>\n\t\t\t\t\t\t\t\t\t\t\t\t\t\t\t<div class=\"wd-gallery-item wd-carousel-item\">\n\t\t\t\t\t\t\n\t\t\t\t\t\t<img loading=\"lazy\" decoding=\"async\" width=\"768\" height=\"1086\" src=\"https:\/\/waterbasedcoatedpaper.com\/wp-content\/uploads\/2025\/12\/F07FSMS1900044-CHANGTAI-ZEROLEAK-PACKAGE-ISO22000-EN_01.avif\" class=\"attachment-medium_large size-medium_large\" alt=\"F07FSMS1900044 PACK ZERO FUITE CHANGTAI - ISO22000 EN_01\" \/>\n\t\t\t\t\t\t\t\t\t\t\t<\/div>\n\t\t\t\t\t\t\t\t\t\t\t\t\t\t\t<div class=\"wd-gallery-item wd-carousel-item\">\n\t\t\t\t\t\t\n\t\t\t\t\t\t<img loading=\"lazy\" decoding=\"async\" width=\"768\" height=\"994\" src=\"https:\/\/waterbasedcoatedpaper.com\/wp-content\/uploads\/2025\/12\/FSC-Certificate-CHANGTAI-ZEROLEAK-PACKAGE-MATERIALS-CO.-LTD-2028.10.26_01.avif\" class=\"attachment-medium_large size-medium_large\" alt=\"Certificat FSC CHANGTAI ZEROLEAK PACKAGE MATERIALS CO., LTD 2028.10.26_01\" \/>\n\t\t\t\t\t\t\t\t\t\t\t<\/div>\n\t\t\t\t\t\t\t\t\t\t\t\t\t\t\t\t<\/div>\n\t\t\t\t\t\t\t\t<\/div>\n\t\t\t\t\t\t\t\t\t\t\t\t\t\t<div class=\"wd-nav-arrows wd-pos-sep wd-hover-1 wd-icon-1\">\n\t\t\t<div class=\"wd-btn-arrow wd-prev wd-disabled\">\n\t\t\t\t<div class=\"wd-arrow-inner\"><\/div>\n\t\t\t<\/div>\n\t\t\t<div class=\"wd-btn-arrow wd-next\">\n\t\t\t\t<div class=\"wd-arrow-inner\"><\/div>\n\t\t\t<\/div>\n\t\t<\/div>\n\t\t\t\t\t\t\n\t\t\t\t<\/div>\n\n\t\t\t\t\t\t<div class=\"wd-nav-pagin-wrap text-center wd-style-shape wd-hide-md-sm wd-hide-sm\">\n\t\t\t<ul class=\"wd-nav-pagin\"><\/ul>\n\t\t<\/div>\n\t\t\t\t\t\t\t\t\t\t\t<\/div>\n\t\t\t\t\t\t<\/div>\n\t\t\t\t<\/div>\n\t\t\t\t\t<\/div>\n\t\t\t\t<\/div>\n\t\t<div class=\"wd-negative-gap elementor-element elementor-element-89a0179 e-flex e-con-boxed e-con e-parent\" data-id=\"89a0179\" data-element_type=\"container\" data-settings=\"{&quot;background_background&quot;:&quot;classic&quot;}\">\n\t\t\t\t\t<div class=\"e-con-inner\">\n\t\t\t\t<div class=\"elementor-element elementor-element-c5a668b wd-width-100 elementor-widget elementor-widget-wd_title\" data-id=\"c5a668b\" data-element_type=\"widget\" data-widget_type=\"wd_title.default\">\n\t\t\t\t<div class=\"elementor-widget-container\">\n\t\t\t\t\t\t\t<div class=\"title-wrapper wd-set-mb reset-last-child wd-title-color-default wd-title-style-default wd-title-size-default text-center\">\n\n\t\t\t\n\t\t\t<div class=\"liner-continer\">\n\t\t\t\t<h3 class=\"woodmart-title-container title wd-fontsize-l\">Chemin de d\u00e9veloppement<\/h3> \n\t\t\t\t\t\t\t<\/div>\n\n\t\t\t\t\t\t\t<div class=\"title-after_title reset-last-child wd-fontsize-xs\">\n\t\t\t\t\t<p>Sp\u00e9cialis\u00e9 dans les solutions d&#039;emballage alimentaire depuis plus de 10 ans, notre partenaire pour l&#039;emballage alimentaire sur mesure accompagne les cha\u00eenes de restaurants et les entreprises agroalimentaires.<\/p>\t\t\t\t<\/div>\n\t\t\t\t\t<\/div>\n\t\t\t\t\t\t<\/div>\n\t\t\t\t<\/div>\n\t\t<div class=\"elementor-element elementor-element-367ba2f e-con-full e-flex e-con e-child\" data-id=\"367ba2f\" data-element_type=\"container\" data-settings=\"{&quot;background_background&quot;:&quot;classic&quot;}\">\n\t\t\t\t<\/div>\n\t\t\t\t\t<\/div>\n\t\t\t\t<\/div>\n\t\t\t\t<\/div>","protected":false},"excerpt":{"rendered":"<p>About Champion FMCG Champion FMCG is committed to manufacturing sustainable paper food packaging solutions. HomePage Provide food packaging solutions for<\/p>","protected":false},"author":2,"featured_media":0,"parent":0,"menu_order":0,"comment_status":"closed","ping_status":"closed","template":"","meta":{"footnotes":""},"class_list":["post-171","page","type-page","status-publish","hentry"],"_links":{"self":[{"href":"https:\/\/waterbasedcoatedpaper.com\/fr\/wp-json\/wp\/v2\/pages\/171","targetHints":{"allow":["GET"]}}],"collection":[{"href":"https:\/\/waterbasedcoatedpaper.com\/fr\/wp-json\/wp\/v2\/pages"}],"about":[{"href":"https:\/\/waterbasedcoatedpaper.com\/fr\/wp-json\/wp\/v2\/types\/page"}],"author":[{"embeddable":true,"href":"https:\/\/waterbasedcoatedpaper.com\/fr\/wp-json\/wp\/v2\/users\/2"}],"replies":[{"embeddable":true,"href":"https:\/\/waterbasedcoatedpaper.com\/fr\/wp-json\/wp\/v2\/comments?post=171"}],"version-history":[{"count":78,"href":"https:\/\/waterbasedcoatedpaper.com\/fr\/wp-json\/wp\/v2\/pages\/171\/revisions"}],"predecessor-version":[{"id":32488,"href":"https:\/\/waterbasedcoatedpaper.com\/fr\/wp-json\/wp\/v2\/pages\/171\/revisions\/32488"}],"wp:attachment":[{"href":"https:\/\/waterbasedcoatedpaper.com\/fr\/wp-json\/wp\/v2\/media?parent=171"}],"curies":[{"name":"wp","href":"https:\/\/api.w.org\/{rel}","templated":true}]}}