{"id":30767,"date":"2025-10-02T09:16:34","date_gmt":"2025-10-02T09:16:34","guid":{"rendered":"https:\/\/ecopackware.com\/?post_type=product&#038;p=30767"},"modified":"2025-10-03T14:44:14","modified_gmt":"2025-10-03T14:44:14","slug":"soucoupe-a-cafe-en-papier-kraft-legere-et-durable-base-renforcee-empilable-resistante-a-la-chaleur-anti-condensation-et-anti-deversement-2","status":"publish","type":"product","link":"https:\/\/waterbasedcoatedpaper.com\/fr\/produit\/soucoupe-a-cafe-en-papier-kraft-legere-et-durable-base-renforcee-empilable-resistante-a-la-chaleur-anti-condensation-et-anti-deversement-2\/","title":{"rendered":"Soucoupe \u00e0 caf\u00e9 en papier kraft l\u00e9g\u00e8re et durable, base renforc\u00e9e, empilable, r\u00e9sistante \u00e0 la chaleur, anti-condensation et anti-d\u00e9versement"},"content":{"rendered":"<h2>Nom du produit : Soucoupe \u00e0 caf\u00e9 professionnelle empilable en papier kraft \u2013 L\u00e9g\u00e8re et durable avec base renforc\u00e9e | R\u00e9sistante \u00e0 la chaleur, anti-condensation et anti-d\u00e9versement<\/h2>\n<h3>Description du produit<\/h3>\n<p>Sublimez votre service caf\u00e9 avec notre soucoupe \u00e0 caf\u00e9 professionnelle innovante en papier kraft\u00a0: la solution id\u00e9ale pour les caf\u00e9s et salons de th\u00e9 modernes. Con\u00e7ue avec une base renforc\u00e9e pour une stabilit\u00e9 exceptionnelle, cette soucoupe l\u00e9g\u00e8re et durable pr\u00e9vient les \u00e9claboussures et am\u00e9liore l&#039;exp\u00e9rience client. Son mat\u00e9riau thermor\u00e9sistant prot\u00e8ge les surfaces, tandis que sa fonction anti-condensation garde les mains au sec. Id\u00e9ales pour les \u00e9tablissements \u00e0 forte fr\u00e9quentation, ces soucoupes empilables optimisent l&#039;espace de rangement et optimisent le service, ce qui en fait un accessoire indispensable pour les caf\u00e9s de sp\u00e9cialit\u00e9.<\/p>\n<h3>Principales caract\u00e9ristiques et avantages<\/h3>\n<p>Conception de base renforc\u00e9e : Comprend un fond sp\u00e9cialement con\u00e7u qui offre une stabilit\u00e9 sup\u00e9rieure et emp\u00eache le basculement de la tasse, garantissant une protection fiable contre les d\u00e9versements<br \/>\nR\u00e9sistance avanc\u00e9e \u00e0 la chaleur : la construction multicouche cr\u00e9e une barri\u00e8re thermique efficace, prot\u00e9geant les tables et les surfaces des dommages caus\u00e9s par la chaleur<br \/>\nTechnologie anti-condensation : un rev\u00eatement sp\u00e9cial emp\u00eache l&#039;accumulation d&#039;humidit\u00e9, gardant les soucoupes s\u00e8ches et confortables \u00e0 manipuler<br \/>\nConception empilable peu encombrante : la forme uniforme permet un empilage s\u00e9curis\u00e9, maximisant l&#039;efficacit\u00e9 du stockage dans les environnements de caf\u00e9 tr\u00e8s fr\u00e9quent\u00e9s<br \/>\nL\u00e9ger et durable : fabriqu\u00e9 \u00e0 partir de carton kraft haute r\u00e9sistance qui combine un poids plume avec une durabilit\u00e9 exceptionnelle<br \/>\nSolution \u00e9cologique : Fabriqu\u00e9 \u00e0 partir de mat\u00e9riaux durables et biod\u00e9gradables qui plaisent aux consommateurs soucieux de l&#039;environnement<\/p>\n<h3>Sp\u00e9cifications techniques<\/h3>\n<p>Mat\u00e9riau : Carton kraft de qualit\u00e9 alimentaire de qualit\u00e9 sup\u00e9rieure<br \/>\nDiam\u00e8tre\u00a0: 4,5 pouces (standard) | Tailles personnalis\u00e9es disponibles<br \/>\nCapacit\u00e9 de poids : Supporte en toute s\u00e9curit\u00e9 des gobelets de boisson jusqu&#039;\u00e0 16 oz<br \/>\nPlage de temp\u00e9rature : R\u00e9siste jusqu&#039;\u00e0 200 \u00b0F (93 \u00b0C)<br \/>\nCaract\u00e9ristiques sp\u00e9ciales : grille inf\u00e9rieure renforc\u00e9e<br \/>\nCertifications : compostable<\/p>\n<p><img fetchpriority=\"high\" decoding=\"async\" class=\"alignnone size-full wp-image-30536\" src=\"https:\/\/waterbasedcoatedpaper.com\/wp-content\/uploads\/2025\/09\/Two-compartment_and_four-compartment_cup_holders009.avif\" alt=\"\" width=\"800\" height=\"800\" srcset=\"https:\/\/waterbasedcoatedpaper.com\/wp-content\/uploads\/2025\/09\/Two-compartment_and_four-compartment_cup_holders009-150x150.avif 150w, https:\/\/waterbasedcoatedpaper.com\/wp-content\/uploads\/2025\/09\/Two-compartment_and_four-compartment_cup_holders009-12x12.avif 12w\" sizes=\"(max-width: 800px) 100vw, 800px\" \/><\/p>\n<p><img decoding=\"async\" class=\"alignnone size-full wp-image-30534\" src=\"https:\/\/waterbasedcoatedpaper.com\/wp-content\/uploads\/2025\/09\/Two-compartment_and_four-compartment_cup_holders007.avif\" alt=\"\" width=\"800\" height=\"800\" srcset=\"https:\/\/waterbasedcoatedpaper.com\/wp-content\/uploads\/2025\/09\/Two-compartment_and_four-compartment_cup_holders007-150x150.avif 150w, https:\/\/waterbasedcoatedpaper.com\/wp-content\/uploads\/2025\/09\/Two-compartment_and_four-compartment_cup_holders007-13x12.avif 13w\" sizes=\"(max-width: 800px) 100vw, 800px\" \/><\/p>\n<p><img decoding=\"async\" class=\"alignnone size-full wp-image-30539\" src=\"https:\/\/waterbasedcoatedpaper.com\/wp-content\/uploads\/2025\/09\/Two-compartment_and_four-compartment_cup_holders012.avif\" alt=\"\" width=\"800\" height=\"800\" srcset=\"https:\/\/waterbasedcoatedpaper.com\/wp-content\/uploads\/2025\/09\/Two-compartment_and_four-compartment_cup_holders012-150x150.avif 150w, https:\/\/waterbasedcoatedpaper.com\/wp-content\/uploads\/2025\/09\/Two-compartment_and_four-compartment_cup_holders012-12x12.avif 12w\" sizes=\"(max-width: 800px) 100vw, 800px\" \/><\/p>\n<p><img loading=\"lazy\" decoding=\"async\" class=\"alignnone size-full wp-image-30537\" src=\"https:\/\/waterbasedcoatedpaper.com\/wp-content\/uploads\/2025\/09\/Two-compartment_and_four-compartment_cup_holders010.avif\" alt=\"\" width=\"800\" height=\"800\" srcset=\"https:\/\/waterbasedcoatedpaper.com\/wp-content\/uploads\/2025\/09\/Two-compartment_and_four-compartment_cup_holders010-150x150.avif 150w, https:\/\/waterbasedcoatedpaper.com\/wp-content\/uploads\/2025\/09\/Two-compartment_and_four-compartment_cup_holders010-12x12.avif 12w\" sizes=\"(max-width: 800px) 100vw, 800px\" \/><\/p>\n<p><img loading=\"lazy\" decoding=\"async\" class=\"alignnone size-full wp-image-30538\" src=\"https:\/\/waterbasedcoatedpaper.com\/wp-content\/uploads\/2025\/09\/Two-compartment_and_four-compartment_cup_holders011.avif\" alt=\"\" width=\"800\" height=\"727\" srcset=\"https:\/\/waterbasedcoatedpaper.com\/wp-content\/uploads\/2025\/09\/Two-compartment_and_four-compartment_cup_holders011.avif 987w, https:\/\/waterbasedcoatedpaper.com\/wp-content\/uploads\/2025\/09\/Two-compartment_and_four-compartment_cup_holders011-330x300.avif 330w, https:\/\/waterbasedcoatedpaper.com\/wp-content\/uploads\/2025\/09\/Two-compartment_and_four-compartment_cup_holders011-880x800.avif 880w, https:\/\/waterbasedcoatedpaper.com\/wp-content\/uploads\/2025\/09\/Two-compartment_and_four-compartment_cup_holders011-768x698.avif 768w, https:\/\/waterbasedcoatedpaper.com\/wp-content\/uploads\/2025\/09\/Two-compartment_and_four-compartment_cup_holders011-13x12.avif 13w, https:\/\/waterbasedcoatedpaper.com\/wp-content\/uploads\/2025\/09\/Two-compartment_and_four-compartment_cup_holders011-600x545.avif 600w, https:\/\/waterbasedcoatedpaper.com\/wp-content\/uploads\/2025\/09\/Two-compartment_and_four-compartment_cup_holders011-150x136.avif 150w\" sizes=\"(max-width: 800px) 100vw, 800px\" \/><\/p>\n<p>&nbsp;<\/p>","protected":false},"excerpt":{"rendered":"<p>Soucoupe \u00e0 caf\u00e9 professionnelle empilable en papier kraft, avec fond renforc\u00e9, r\u00e9sistante \u00e0 la chaleur et anti-condensation. L\u00e9g\u00e8re, durable et anti-fuite, elle est id\u00e9ale pour les caf\u00e9s. \u00c9cologique, vente en gros disponible. Demandez des \u00e9chantillons d\u00e8s aujourd&#039;hui\u00a0!<\/p>","protected":false},"featured_media":30530,"comment_status":"open","ping_status":"closed","template":"","meta":[],"product_brand":[],"product_cat":[129,138,139,151,135],"product_tag":[],"class_list":{"0":"post-30767","1":"product","2":"type-product","3":"status-publish","4":"has-post-thumbnail","6":"product_cat-coffee-shop","7":"product_cat-cup-holders-carriers","8":"product_cat-cup-lids-sleeves","9":"product_cat-paper-coffee-cups","10":"product_cat-paper-cups","12":"first","13":"instock","14":"shipping-taxable","15":"product-type-simple"},"_links":{"self":[{"href":"https:\/\/waterbasedcoatedpaper.com\/fr\/wp-json\/wp\/v2\/product\/30767","targetHints":{"allow":["GET"]}}],"collection":[{"href":"https:\/\/waterbasedcoatedpaper.com\/fr\/wp-json\/wp\/v2\/product"}],"about":[{"href":"https:\/\/waterbasedcoatedpaper.com\/fr\/wp-json\/wp\/v2\/types\/product"}],"replies":[{"embeddable":true,"href":"https:\/\/waterbasedcoatedpaper.com\/fr\/wp-json\/wp\/v2\/comments?post=30767"}],"version-history":[{"count":2,"href":"https:\/\/waterbasedcoatedpaper.com\/fr\/wp-json\/wp\/v2\/product\/30767\/revisions"}],"predecessor-version":[{"id":31327,"href":"https:\/\/waterbasedcoatedpaper.com\/fr\/wp-json\/wp\/v2\/product\/30767\/revisions\/31327"}],"wp:featuredmedia":[{"embeddable":true,"href":"https:\/\/waterbasedcoatedpaper.com\/fr\/wp-json\/wp\/v2\/media\/30530"}],"wp:attachment":[{"href":"https:\/\/waterbasedcoatedpaper.com\/fr\/wp-json\/wp\/v2\/media?parent=30767"}],"wp:term":[{"taxonomy":"product_brand","embeddable":true,"href":"https:\/\/waterbasedcoatedpaper.com\/fr\/wp-json\/wp\/v2\/product_brand?post=30767"},{"taxonomy":"product_cat","embeddable":true,"href":"https:\/\/waterbasedcoatedpaper.com\/fr\/wp-json\/wp\/v2\/product_cat?post=30767"},{"taxonomy":"product_tag","embeddable":true,"href":"https:\/\/waterbasedcoatedpaper.com\/fr\/wp-json\/wp\/v2\/product_tag?post=30767"}],"curies":[{"name":"wp","href":"https:\/\/api.w.org\/{rel}","templated":true}]}}