{"id":31953,"date":"2025-12-08T13:38:15","date_gmt":"2025-12-08T13:38:15","guid":{"rendered":"https:\/\/waterbasedcoatedpaper.com\/?post_type=product&#038;p=31953"},"modified":"2025-12-11T12:44:04","modified_gmt":"2025-12-11T12:44:04","slug":"newly-style-take-out-disposable-hot-chips-paper-cup","status":"publish","type":"product","link":"https:\/\/waterbasedcoatedpaper.com\/fr\/produit\/newly-style-take-out-disposable-hot-chips-paper-cup\/","title":{"rendered":"Newly Style Take Out Disposable Hot Chips Paper Cup"},"content":{"rendered":"<div id=\"detail_decorate_root\" data-magic-global=\"%7B%22bizId%22%3A2206484000279%2C%22pageId%22%3A21120056225%2C%22siteId%22%3A5007417217%7D\">\n<div class=\"J_module\">\n<div id=\"ali-anchor-AliMagic-73351j\" class=\"magic-0\" data-section=\"AliMagic-73351j\" data-section-title=\"Products Description\">Products Description<\/div>\n<\/div>\n<\/div>\n<div data-section=\"AliMagic-73351j\" data-section-title=\"Products Description\">\n<p data-spm-anchor-id=\"5176.28103460.0.i107.96a07551pw7VQO\">ZEROLEAK&#8217;s Newly Style Take Out Disposable Hot Chips Paper Cup is the ideal packaging solution for restaurants, snack shops, and food service businesses seeking high-quality, sustainable packaging for chips, snacks, and small portions. This innovative cup is designed with a unique ripple pattern that provides excellent durability while maintaining a comfortable grip for users.<\/p>\n<p>Crafted from premium quality paper with a specialized greaseproof coating, these cups prevent leaks and grease damage, ensuring your chips and snacks remain fresh and presentable during transport. The cups come in two convenient sizes:<\/p>\n<ul>\n<li>8oz: 88mm top diameter, 69.5mm base diameter, 79.5mm height<\/li>\n<li>12oz: 92mm top diameter, 69.5mm base diameter, 96mm height<\/li>\n<\/ul>\n<p>The specially designed structure provides excellent heat retention for hot chips while keeping the exterior cool to the touch. The cups are fully recyclable and biodegradable, making them an environmentally responsible choice for your business.<\/p>\n<p data-spm-anchor-id=\"5176.28103460.0.i108.96a07551pw7VQO\">ZEROLEAK, a leading manufacturer of sustainable food packaging based in Fujian, China since 2016, offers these cups with certifications including FSC, BSCI, DIN, and ISO, ensuring the highest standards of quality and environmental responsibility. The cups are available with custom branding options to help you create a cohesive brand identity for your food business.<\/p>\n<p>Whether you&#8217;re running a snack bar, fast food restaurant, or chip shop, ZEROLEAK&#8217;s newly style take out disposable hot chips paper cup provides the perfect combination of functionality, aesthetics, and sustainability, helping you deliver a premium food experience while reducing your environmental footprint.<\/p>\n<\/div>\n<div data-section=\"AliMagic-73351j\" data-section-title=\"Products Description\"><\/div>\n<div id=\"detail_decorate_root\" data-magic-global=\"%7B%22bizId%22%3A2206484000279%2C%22pageId%22%3A21120056225%2C%22siteId%22%3A5007417217%7D\">\n<div class=\"J_module\">\n<div class=\"icbu-pc-images magic-1\">\n<div>\n<div class=\"flex-layout-v\">\n<div class=\"flex-layout-h magic-1\">\n<div class=\"magic-2\"><img decoding=\"async\" class=\"magic-3\" src=\"https:\/\/waterbasedcoatedpaper.com\/wp-content\/uploads\/2025\/12\/Hff610d9dbca2466fa8601d0d22f275a0t.jpg\" data-src=\"https:\/\/waterbasedcoatedpaper.com\/wp-content\/uploads\/2025\/12\/Hff610d9dbca2466fa8601d0d22f275a0t.jpg\" \/><noscript><img src=\"https:\/\/waterbasedcoatedpaper.com\/wp-content\/uploads\/2025\/12\/Hff610d9dbca2466fa8601d0d22f275a0t.jpg\" class=\"magic-3\"\/><\/noscript><\/div>\n<\/div>\n<\/div>\n<\/div>\n<\/div>\n<\/div>\n<div class=\"J_module\">\n<div class=\"icbu-pc-images magic-1\">\n<div class=\"flex-layout-v\">\n<div class=\"flex-layout-h magic-1\">\n<div class=\"magic-4\"><noscript><img src=\"https:\/\/waterbasedcoatedpaper.com\/wp-content\/uploads\/2025\/12\/Hb2f5ef883d76448ba0d1924f9366da1ac.jpg\" class=\"magic-5\"\/><\/noscript><\/div>\n<div class=\"magic-6\"><img fetchpriority=\"high\" decoding=\"async\" class=\"alignnone size-full wp-image-31985\" src=\"https:\/\/waterbasedcoatedpaper.com\/wp-content\/uploads\/2025\/12\/H9f63811b4f0841b186d99c2a51768958V.jpg\" alt=\"\" width=\"750\" height=\"750\" srcset=\"https:\/\/waterbasedcoatedpaper.com\/wp-content\/uploads\/2025\/12\/H9f63811b4f0841b186d99c2a51768958V.jpg 750w, https:\/\/waterbasedcoatedpaper.com\/wp-content\/uploads\/2025\/12\/H9f63811b4f0841b186d99c2a51768958V-300x300.jpg 300w, https:\/\/waterbasedcoatedpaper.com\/wp-content\/uploads\/2025\/12\/H9f63811b4f0841b186d99c2a51768958V-150x150.jpg 150w, https:\/\/waterbasedcoatedpaper.com\/wp-content\/uploads\/2025\/12\/H9f63811b4f0841b186d99c2a51768958V-12x12.jpg 12w, https:\/\/waterbasedcoatedpaper.com\/wp-content\/uploads\/2025\/12\/H9f63811b4f0841b186d99c2a51768958V-600x600.jpg 600w\" sizes=\"(max-width: 750px) 100vw, 750px\" \/><br \/>\n<noscript><img src=\"https:\/\/waterbasedcoatedpaper.com\/wp-content\/uploads\/2025\/12\/H65e95329add14d4199726de49002c615k.jpg\" class=\"magic-5\"\/><\/noscript><\/div>\n<\/div>\n<\/div>\n<\/div>\n<\/div>\n<div class=\"J_module\">\n<div class=\"icbu-pc-images magic-1\">\n<div class=\"flex-layout-v\">\n<div class=\"flex-layout-h magic-1\">\n<div class=\"magic-4\"><noscript><img src=\"https:\/\/waterbasedcoatedpaper.com\/wp-content\/uploads\/2025\/12\/H5386bdfacba042c2ab55fe20e73fb449c.jpg\" class=\"magic-5\"\/><\/noscript><\/div>\n<div class=\"magic-6\"><noscript><img src=\"https:\/\/waterbasedcoatedpaper.com\/wp-content\/uploads\/2025\/12\/H9e31a9db5ad746a4ad995cfeaec12869t.jpg\" class=\"magic-5\"\/><\/noscript><\/div>\n<\/div>\n<\/div>\n<\/div>\n<\/div>\n<div class=\"J_module\">\n<div id=\"ali-anchor-AliMagic-w8cb1y\" class=\"magic-0\" data-section=\"AliMagic-w8cb1y\" data-section-title=\"Product packaging\">Product packaging<\/div>\n<\/div>\n<div class=\"J_module\">\n<div class=\"detail-decorate-json-renderer-container\">\n<div class=\"magic-7\">\n<div class=\"magic-8\">\n<div class=\"magic-9\">\n<div class=\"magic-10\"><span class=\"magic-11\">Chip taza<\/span><\/div>\n<\/div>\n<\/div>\n<\/div>\n<\/div>\n<\/div>\n<div class=\"J_module\">\n<div class=\"ife-detail-decorate-table\">\n<table class=\"all magic-12\">\n<tbody>\n<tr>\n<td colspan=\"1\" rowspan=\"2\">\n<div class=\"magic-13\">\n<div class=\"magic-14\" data-spm-anchor-id=\"0.0.0.i37.71cf4f05yeswtg\"><b data-spm-anchor-id=\"0.0.0.i40.71cf4f05yeswtg\"><span style=\"font-family: Arial;\">Aproximadamente ml<\/span><\/b><\/div>\n<\/div>\n<\/td>\n<td colspan=\"1\" rowspan=\"2\">\n<div class=\"magic-15\">\n<div class=\"magic-14\" data-spm-anchor-id=\"0.0.0.i41.71cf4f05yeswtg\"><b data-spm-anchor-id=\"0.0.0.i48.71cf4f05yeswtg\"><span style=\"font-family: Arial;\">C\u00f3digo<\/span><\/b><\/div>\n<\/div>\n<\/td>\n<td colspan=\"3\" rowspan=\"1\">\n<div class=\"magic-16\">\n<div class=\"magic-14\" data-spm-anchor-id=\"0.0.0.i17.71cf4f05yeswtg\"><b data-spm-anchor-id=\"0.0.0.i67.71cf4f05yeswtg\">Dimensi\u00f3n del producto (mm)<\/b><\/div>\n<\/div>\n<\/td>\n<td class=\"magic-17\" rowspan=\"0\">\n<div class=\"magic-18\"><\/div>\n<\/td>\n<td class=\"magic-17\" rowspan=\"0\">\n<div class=\"magic-18\"><\/div>\n<\/td>\n<td colspan=\"1\" rowspan=\"2\">\n<div class=\"magic-19\">\n<p>&nbsp;<\/p>\n<div><b data-spm-anchor-id=\"0.0.0.i70.71cf4f05yeswtg\">Paquete<\/b><\/div>\n<p>&nbsp;<\/p>\n<\/div>\n<\/td>\n<\/tr>\n<tr>\n<td class=\"magic-17\" rowspan=\"0\">\n<div class=\"magic-20\"><\/div>\n<\/td>\n<td class=\"magic-17\" rowspan=\"0\">\n<div class=\"magic-21\"><\/div>\n<\/td>\n<td colspan=\"1\" rowspan=\"1\">\n<div class=\"magic-22\"><b><span style=\"font-family: Arial;\">Top<\/span><\/b><\/div>\n<\/td>\n<td colspan=\"1\" rowspan=\"1\">\n<div class=\"magic-18\"><b><span style=\"font-family: Arial;\">Base<\/span><\/b><\/div>\n<\/td>\n<td colspan=\"1\" rowspan=\"1\">\n<div class=\"magic-23\"><b><span style=\"font-family: Arial;\">Altura<\/span><\/b><\/div>\n<\/td>\n<td class=\"magic-17\" rowspan=\"0\">\n<div class=\"magic-24\"><\/div>\n<\/td>\n<\/tr>\n<tr>\n<td colspan=\"1\" rowspan=\"1\">\n<div class=\"magic-20\"><span style=\"font-family: Arial;\">8oz<\/span><\/div>\n<\/td>\n<td colspan=\"1\" rowspan=\"1\">\n<div class=\"magic-21\">CHIP08<\/div>\n<\/td>\n<td colspan=\"1\" rowspan=\"1\">\n<div class=\"magic-22\">88<\/div>\n<\/td>\n<td colspan=\"1\" rowspan=\"1\">\n<div class=\"magic-18\">69.5<\/div>\n<\/td>\n<td colspan=\"1\" rowspan=\"1\">\n<div class=\"magic-18\">79.5<\/div>\n<\/td>\n<td colspan=\"1\" rowspan=\"1\">\n<div class=\"magic-25\">1000<\/div>\n<\/td>\n<\/tr>\n<tr>\n<td colspan=\"1\" rowspan=\"1\">\n<div class=\"magic-20\"><span style=\"font-family: Arial;\">12oz<\/span><\/div>\n<\/td>\n<td colspan=\"1\" rowspan=\"1\">\n<div class=\"magic-21\">CHIP12<\/div>\n<\/td>\n<td colspan=\"1\" rowspan=\"1\">\n<div class=\"magic-22\">92<\/div>\n<\/td>\n<td colspan=\"1\" rowspan=\"1\">\n<div class=\"magic-18\">69.5<\/div>\n<\/td>\n<td colspan=\"1\" rowspan=\"1\">\n<div class=\"magic-18\">96<\/div>\n<\/td>\n<td colspan=\"1\" rowspan=\"1\">\n<div class=\"magic-25\">1000<\/div>\n<\/td>\n<\/tr>\n<\/tbody>\n<\/table>\n<\/div>\n<\/div>\n<div class=\"J_module\">\n<div id=\"ali-anchor-AliMagic-db3787\" class=\"magic-0\" data-section=\"AliMagic-db3787\" data-section-title=\"Company Profile\">Company Profile<\/div>\n<\/div>\n<div class=\"J_module\">\n<div class=\"icbu-pc-images magic-1\">\n<div>\n<div class=\"flex-layout-v\">\n<div class=\"flex-layout-h magic-1\">\n<div class=\"magic-26\"><img decoding=\"async\" class=\"magic-27\" src=\"https:\/\/waterbasedcoatedpaper.com\/wp-content\/uploads\/2025\/12\/H7cc5f95e55bd4a01b1436d4aec63d372Z.jpg\" data-src=\"https:\/\/waterbasedcoatedpaper.com\/wp-content\/uploads\/2025\/12\/H7cc5f95e55bd4a01b1436d4aec63d372Z.jpg\" \/><noscript><img src=\"https:\/\/waterbasedcoatedpaper.com\/wp-content\/uploads\/2025\/12\/H7cc5f95e55bd4a01b1436d4aec63d372Z.jpg\" class=\"magic-27\"\/><\/noscript><\/div>\n<\/div>\n<\/div>\n<\/div>\n<\/div>\n<\/div>\n<div class=\"J_module\">\n<div id=\"ali-anchor-AliMagic-b0b054\" class=\"magic-0\" data-section=\"AliMagic-b0b054\" data-section-title=\"Certifications\">Certifications<\/div>\n<\/div>\n<div class=\"J_module\">\n<div class=\"icbu-pc-images magic-1\">\n<div>\n<div class=\"flex-layout-v\">\n<div class=\"flex-layout-h magic-1\">\n<div class=\"magic-28\"><img decoding=\"async\" class=\"magic-29\" src=\"https:\/\/waterbasedcoatedpaper.com\/wp-content\/uploads\/2025\/12\/H696c530ee54241849c96147efa5c8c9bS.jpg\" data-src=\"https:\/\/waterbasedcoatedpaper.com\/wp-content\/uploads\/2025\/12\/H696c530ee54241849c96147efa5c8c9bS.jpg\" \/><noscript><img src=\"https:\/\/waterbasedcoatedpaper.com\/wp-content\/uploads\/2025\/12\/H696c530ee54241849c96147efa5c8c9bS.jpg\" class=\"magic-29\"\/><\/noscript><\/div>\n<\/div>\n<\/div>\n<\/div>\n<\/div>\n<\/div>\n<div class=\"J_module\">\n<div id=\"ali-anchor-AliMagic-nbdhhy\" class=\"magic-0\" data-section=\"AliMagic-nbdhhy\" data-section-title=\"FAQ\">FAQ<\/div>\n<\/div>\n<div class=\"J_module\">\n<div class=\"icbu-pc-images magic-1\">\n<div>\n<div class=\"flex-layout-v\">\n<div class=\"flex-layout-h magic-1\">\n<div class=\"magic-2\"><img decoding=\"async\" class=\"magic-30\" src=\"https:\/\/waterbasedcoatedpaper.com\/wp-content\/uploads\/2025\/12\/Hecbd3ad34c71452986cdab8f98851c32D.jpg\" data-src=\"https:\/\/waterbasedcoatedpaper.com\/wp-content\/uploads\/2025\/12\/Hecbd3ad34c71452986cdab8f98851c32D.jpg\" \/><noscript><img src=\"https:\/\/waterbasedcoatedpaper.com\/wp-content\/uploads\/2025\/12\/Hecbd3ad34c71452986cdab8f98851c32D.jpg\" class=\"magic-30\"\/><\/noscript><\/div>\n<\/div>\n<\/div>\n<\/div>\n<\/div>\n<\/div>\n<div class=\"J_module\">\n<div class=\"detail-decorate-json-renderer-container\">\n<div class=\"magic-7\">\n<div class=\"magic-8\">\n<div class=\"magic-9\">\n<div class=\"magic-10\">Somos su socio para todo tipo de embalaje de acuerdo a sus deseos<br \/>\nPreguntas Frecuentes<b>Q \u00bfpuedes imprimir nuestro propio logotipo en el producto?<\/b><br \/>\n\u00a1Un s\u00ed por supuesto! \u00bfPodemos imprimir su logotipo en casi todos los productos?<\/p>\n<p><b>Q \u00bfpuedes personalizar nuestro propio tama\u00f1o de tus productos?<\/b><br \/>\nPodemos personalizar los tama\u00f1os de cajas de papel cuencos tazas de papel taza de caf\u00e9 tapas \u00bfY de tapas?<\/p>\n<p><b>P \u00bfQu\u00e9 es la plantilla?<\/b><br \/>\nCuando podemos imprimir los productos con un logotipo personalizado \u00bfTendremos que hacer una nueva plantilla de impresi\u00f3n por el<br \/>\ndise\u00f1o del cliente?<br \/>\n<b><br \/>\nQ \u00bfC\u00f3mo puedo obtener muestras gratis?<\/b><br \/>\n\u00a1Muestras de la mayor\u00eda de los productos est\u00e1n libres! El costo de env\u00edo ser\u00e1 pagado por el comprador<\/p>\n<p><b>Q \u00bfCu\u00e1l es la cantidad m\u00ednima de pedido?<\/b><br \/>\n\u00bfNuestra cantidad m\u00ednima de pedido es de 50000 piezas por cada art\u00edculo?<\/p>\n<\/div>\n<\/div>\n<\/div>\n<\/div>\n<\/div>\n<\/div>\n<div class=\"J_module\">\n<div id=\"ali-anchor-AliMagic-om2j5l\" class=\"magic-0\" data-section=\"AliMagic-om2j5l\" data-section-title=\"Contact\"><\/div>\n<\/div>\n<div class=\"J_module\">\n<div class=\"icbu-pc-images magic-1\">\n<div class=\"flex-layout-v\">\n<div class=\"flex-layout-h magic-1\">\n<div class=\"magic-31\"><noscript><img src=\"https:\/\/waterbasedcoatedpaper.com\/wp-content\/uploads\/2025\/12\/H3ff3a7e000194fab9ee825fbca9b5f82m.jpg\" class=\"magic-32\"\/><\/noscript><\/div>\n<\/div>\n<\/div>\n<\/div>\n<\/div>\n<\/div>","protected":false},"excerpt":{"rendered":"<p>ZEROLEAK&#8217;s newly style take out disposable hot chips paper cup offers a premium, eco-friendly solution for packaging chips and snacks. Featuring a greaseproof coating and available in 8oz and 12oz sizes, these cups are perfect for takeout food businesses.<\/p>","protected":false},"featured_media":31985,"comment_status":"open","ping_status":"closed","template":"","meta":[],"product_brand":[],"product_cat":[143,129,148,132,131],"product_tag":[270,268,262,261,259,260,258,271,257,264,265,263,269,267,266],"class_list":{"0":"post-31953","1":"product","2":"type-product","3":"status-publish","4":"has-post-thumbnail","6":"product_cat-disposable-food-containers","7":"product_cat-coffee-shop","8":"product_cat-fried-chicken-french-fries","9":"product_cat-fried-chicken-restaurant","10":"product_cat-sushi-shop","11":"product_tag-3-oz-paper-cups","12":"product_tag-bulk-paper-cups","13":"product_tag-cheap-paper-cups","14":"product_tag-christmas-paper-cups","15":"product_tag-coffee-paper-cup","16":"product_tag-custom-paper-cups","17":"product_tag-custom-printed-paper-cups","18":"product_tag-disposable-cups","19":"product_tag-disposable-paper-cups","20":"product_tag-mini-paper-cups","21":"product_tag-muffin-paper-cup","22":"product_tag-paper-coffee-cups","23":"product_tag-small-paper-cups","24":"product_tag-starbucks-paper-cups","25":"product_tag-striped-paper-cups","27":"first","28":"instock","29":"shipping-taxable","30":"purchasable","31":"product-type-variable"},"_links":{"self":[{"href":"https:\/\/waterbasedcoatedpaper.com\/fr\/wp-json\/wp\/v2\/product\/31953","targetHints":{"allow":["GET"]}}],"collection":[{"href":"https:\/\/waterbasedcoatedpaper.com\/fr\/wp-json\/wp\/v2\/product"}],"about":[{"href":"https:\/\/waterbasedcoatedpaper.com\/fr\/wp-json\/wp\/v2\/types\/product"}],"replies":[{"embeddable":true,"href":"https:\/\/waterbasedcoatedpaper.com\/fr\/wp-json\/wp\/v2\/comments?post=31953"}],"version-history":[{"count":4,"href":"https:\/\/waterbasedcoatedpaper.com\/fr\/wp-json\/wp\/v2\/product\/31953\/revisions"}],"predecessor-version":[{"id":32825,"href":"https:\/\/waterbasedcoatedpaper.com\/fr\/wp-json\/wp\/v2\/product\/31953\/revisions\/32825"}],"wp:featuredmedia":[{"embeddable":true,"href":"https:\/\/waterbasedcoatedpaper.com\/fr\/wp-json\/wp\/v2\/media\/31985"}],"wp:attachment":[{"href":"https:\/\/waterbasedcoatedpaper.com\/fr\/wp-json\/wp\/v2\/media?parent=31953"}],"wp:term":[{"taxonomy":"product_brand","embeddable":true,"href":"https:\/\/waterbasedcoatedpaper.com\/fr\/wp-json\/wp\/v2\/product_brand?post=31953"},{"taxonomy":"product_cat","embeddable":true,"href":"https:\/\/waterbasedcoatedpaper.com\/fr\/wp-json\/wp\/v2\/product_cat?post=31953"},{"taxonomy":"product_tag","embeddable":true,"href":"https:\/\/waterbasedcoatedpaper.com\/fr\/wp-json\/wp\/v2\/product_tag?post=31953"}],"curies":[{"name":"wp","href":"https:\/\/api.w.org\/{rel}","templated":true}]}}